{"id":546,"date":"2019-08-09T12:42:44","date_gmt":"2019-08-09T10:42:44","guid":{"rendered":"https:\/\/mainodentalclinics.abnet.online\/?page_id=546"},"modified":"2021-02-08T10:57:25","modified_gmt":"2021-02-08T09:57:25","slug":"mission-storia-e-valori","status":"publish","type":"page","link":"https:\/\/mainodentalclinics.abnet.online\/?page_id=546","title":{"rendered":"Mission, storia e valori"},"content":{"rendered":"<p>[vc_row css_animation=&#8221;&#8221; row_type=&#8221;row&#8221; use_row_as_full_screen_section=&#8221;no&#8221; type=&#8221;full_width&#8221; angled_section=&#8221;no&#8221; text_align=&#8221;left&#8221; background_image_as_pattern=&#8221;without_pattern&#8221; z_index=&#8221;&#8221;][vc_column][vc_single_image image=&#8221;1382&#8243; img_size=&#8221;full&#8221; qode_css_animation=&#8221;&#8221;][\/vc_column][\/vc_row][vc_row css_animation=&#8221;&#8221; row_type=&#8221;row&#8221; use_row_as_full_screen_section=&#8221;no&#8221; type=&#8221;grid&#8221; angled_section=&#8221;no&#8221; text_align=&#8221;center&#8221; background_image_as_pattern=&#8221;without_pattern&#8221; z_index=&#8221;&#8221; css=&#8221;.vc_custom_1593081558673{margin-bottom: 50px !important;}&#8221;][vc_column css=&#8221;.vc_custom_1565345879223{padding-top: 2% !important;}&#8221;][vc_empty_space][vc_column_text]<\/p>\n<h2 style=\"text-align: center; font-size: 30px;\">La nostra Storia<\/h2>\n<p>[\/vc_column_text][vc_separator type=&#8221;normal&#8221; color=&#8221;#e5e5e5&#8243;][vc_column_text css=&#8221;.vc_custom_1608622377282{padding-right: 5% !important;padding-left: 5% !important;}&#8221; el_class=&#8221;storia&#8221;]<\/p>\n<p class=\"p1\" style=\"text-align: center;\"><span class=\"s1\">La nostra storia inizia negli anni \u201980 con la fondazione da parte del Dott. B. Giuliano Maino del primo studio a Schio.<br \/>\nL\u2019impegno, la costante dedizione e l\u2019apprezzamento dei<\/span><span class=\"s2\"> nostri pazienti hanno portato alla necessit\u00e0 di aprire altre due sedi specializzate a Vicenza e a Bassano del Grappa. Fin dal principio, uno degli obiettivi cardine del nostro operato, \u00e8<span class=\"Apple-converted-space\">\u00a0 <\/span>di garantire ai nostri pazienti un alto livello di professionalit\u00e0 e qualit\u00e0 delle prestazioni. <\/span><span style=\"font-weight: 400;\">Il Dott. Maino ha sempre dato una grande importanza alla sua formazione e quella dei suoi dipendenti, e questo lo ha spinto a perseguire il titolo di specialista in Ortodonzia negli Stati Uniti presso la Boston University, con la quale tutt\u2019oggi condivide uno scambio di attivit\u00e0 didattica.<\/span><\/p>\n<p>&nbsp;<\/p>\n<p class=\"p2\" style=\"text-align: center;\"><span class=\"s3\">In campo parodonto-implantare \u00e8 stato uno<\/span><span class=\"s1\"> dei soci fondatori della SIDP (<span style=\"font-weight: 400;\">Societ\u00e0 Italiana di Parodontologia)<\/span>.<\/span><\/p>\n<p class=\"p1\" style=\"text-align: center;\"><span class=\"s1\">La sua carriera lo ha portato ad essere invitato come oratore presso convegni e congressi a livello mondiale , ed \u00e8 stato nominato presidente delle pi\u00f9 prestigiose societ\u00e0 scientifiche Ortodontiche<\/span><span class=\"s2\">.<\/span><\/p>\n<p class=\"p1\" style=\"text-align: center;\"><span class=\"s1\">Curiosit\u00e0 e amore per la sua professione lo spingono ad andare sempre avanti, fino a brevettare tecniche operative, protocolli clinici e disegni di dispostivi che sono stati pubblicati in diverse riviste scientifiche nazionali ed internazionali.<\/span><\/p>\n<p class=\"p1\" style=\"text-align: center;\"><span class=\"s1\">Negli anni la sua passione si \u00e8 trasmessa ai figli, che sono entrambe<span class=\"Apple-converted-space\">\u00a0 <\/span>Odontoiatri Specializzati rispettivamente in Orto<\/span><span class=\"s1\">donzia e Parodontologia e forniscono la loro collaborazione nelle due sedi. Anch\u2019essi hanno fatto della formazione e della continua crescita uno dei loro obiettivi principali, arrivando a ottenere i titoli di eccellenza<span class=\"Apple-converted-space\">\u00a0 <\/span>sia in campo Ortodontico (IBO-Italian Board of Orthodontics, EBO European board of orthodontics) che parodontale (EFP Certificate &#8211; European Federation of Periodontology). I nostri studi possono vantare la presenza di un team preparato e capace di collaborare e di lavorare insieme per il raggiungimento di un unico obiettivo: soddisfare le esigenze dei nostri pazienti nel miglior modo possibile.<br \/>\nOgni giorno mettiamo la nostra esperienza al servizio delle persone, garantendo qualit\u00e0 ed eccellenza nei trattamenti e rimanendo sempre fedeli alla nostra filosofia: un bel sorriso \u00e8 frutto di preparazione e di un approccio che integra, in armonia, diverse discipline.<\/span><\/p>\n<p>&nbsp;<\/p>\n<p class=\"p1\" style=\"text-align: center;\"><img loading=\"lazy\" class=\"alignnone wp-image-1768\" src=\"https:\/\/mainodentalclinics.abnet.online\/wp-content\/uploads\/2020\/04\/ibo.jpg\" alt=\"\" width=\"172\" height=\"48\" srcset=\"https:\/\/mainodentalclinics.abnet.online\/wp-content\/uploads\/2020\/04\/ibo.jpg 357w, https:\/\/mainodentalclinics.abnet.online\/wp-content\/uploads\/2020\/04\/ibo-300x84.jpg 300w, https:\/\/mainodentalclinics.abnet.online\/wp-content\/uploads\/2020\/04\/ibo-24x7.jpg 24w, https:\/\/mainodentalclinics.abnet.online\/wp-content\/uploads\/2020\/04\/ibo-36x10.jpg 36w, https:\/\/mainodentalclinics.abnet.online\/wp-content\/uploads\/2020\/04\/ibo-48x13.jpg 48w\" sizes=\"(max-width: 172px) 100vw, 172px\" \/>\u00a0 \u00a0 \u00a0<img loading=\"lazy\" class=\"alignnone wp-image-1767\" src=\"https:\/\/mainodentalclinics.abnet.online\/wp-content\/uploads\/2020\/04\/ebo.jpg\" alt=\"\" width=\"178\" height=\"50\" srcset=\"https:\/\/mainodentalclinics.abnet.online\/wp-content\/uploads\/2020\/04\/ebo.jpg 357w, https:\/\/mainodentalclinics.abnet.online\/wp-content\/uploads\/2020\/04\/ebo-300x84.jpg 300w, https:\/\/mainodentalclinics.abnet.online\/wp-content\/uploads\/2020\/04\/ebo-24x7.jpg 24w, https:\/\/mainodentalclinics.abnet.online\/wp-content\/uploads\/2020\/04\/ebo-36x10.jpg 36w, https:\/\/mainodentalclinics.abnet.online\/wp-content\/uploads\/2020\/04\/ebo-48x13.jpg 48w\" sizes=\"(max-width: 178px) 100vw, 178px\" \/>\u00a0 \u00a0 \u00a0\u00a0<img loading=\"lazy\" class=\"alignnone wp-image-1774\" src=\"https:\/\/mainodentalclinics.abnet.online\/wp-content\/uploads\/2020\/04\/efp2.jpg\" alt=\"\" width=\"103\" height=\"48\" srcset=\"https:\/\/mainodentalclinics.abnet.online\/wp-content\/uploads\/2020\/04\/efp2.jpg 215w, https:\/\/mainodentalclinics.abnet.online\/wp-content\/uploads\/2020\/04\/efp2-24x11.jpg 24w, https:\/\/mainodentalclinics.abnet.online\/wp-content\/uploads\/2020\/04\/efp2-36x17.jpg 36w, https:\/\/mainodentalclinics.abnet.online\/wp-content\/uploads\/2020\/04\/efp2-48x22.jpg 48w\" sizes=\"(max-width: 103px) 100vw, 103px\" \/>\u00a0 \u00a0 \u00a0\u00a0<img loading=\"lazy\" class=\"alignnone wp-image-1770\" src=\"https:\/\/mainodentalclinics.abnet.online\/wp-content\/uploads\/2020\/04\/sidp.jpg\" alt=\"\" width=\"157\" height=\"44\" srcset=\"https:\/\/mainodentalclinics.abnet.online\/wp-content\/uploads\/2020\/04\/sidp.jpg 357w, https:\/\/mainodentalclinics.abnet.online\/wp-content\/uploads\/2020\/04\/sidp-300x84.jpg 300w, https:\/\/mainodentalclinics.abnet.online\/wp-content\/uploads\/2020\/04\/sidp-24x7.jpg 24w, https:\/\/mainodentalclinics.abnet.online\/wp-content\/uploads\/2020\/04\/sidp-36x10.jpg 36w, https:\/\/mainodentalclinics.abnet.online\/wp-content\/uploads\/2020\/04\/sidp-48x13.jpg 48w\" sizes=\"(max-width: 157px) 100vw, 157px\" \/><\/p>\n<p>[\/vc_column_text]<a  itemprop=\"url\" href=\"\" target=\"_self\" data-hover-background-color=#e5e5e5 data-hover-border-color=#ffffff data-hover-color=#515151 class=\"qbutton  large center default pblsh\" style=\"color: #ffffff; border-color: #ffffff; font-size: 20px; margin: 30px; border-radius: 10px;-moz-border-radius: 10px;-webkit-border-radius: 10px; background-color: #c9c9c9;\">Le nostre Pubblicazioni<\/a>[vc_empty_space][vc_column_text]<\/p>\n<h2 style=\"text-align: center; font-size: 30px;\">Il nostro Percorso<\/h2>\n<p>[\/vc_column_text][vc_empty_space]<div class=\"qode-workflow  qode-workflow-animate\">\n    <span class=\"main-line\" style=\"background-color:#6d6d6d;\"><\/span>\n    <div class=\"qode-workflow-item\">\n    <span class=\"line\" style=\"\"><\/span>\n    <div class=\"qode-workflow-item-inner \">\n        <div class=\"qode-workflow-image right\">\n            <img width=\"70\" height=\"65\" src=\"https:\/\/mainodentalclinics.abnet.online\/wp-content\/uploads\/2020\/04\/maino-storia1.png\" class=\"attachment-full size-full\" alt=\"\" loading=\"lazy\" srcset=\"https:\/\/mainodentalclinics.abnet.online\/wp-content\/uploads\/2020\/04\/maino-storia1.png 70w, https:\/\/mainodentalclinics.abnet.online\/wp-content\/uploads\/2020\/04\/maino-storia1-24x22.png 24w, https:\/\/mainodentalclinics.abnet.online\/wp-content\/uploads\/2020\/04\/maino-storia1-36x33.png 36w, https:\/\/mainodentalclinics.abnet.online\/wp-content\/uploads\/2020\/04\/maino-storia1-48x45.png 48w\" sizes=\"(max-width: 70px) 100vw, 70px\" \/>        <\/div>\n        <div class=\"qode-workflow-text\">\n            <span class=\"circle\" style=\"\"><\/span>\n                            <h3>1980<\/h3>\n                                                    <p class=\"text\">Il Dott. Giuliano si specializza, apre il primo studio a Schio, successivamente Vicenza e Bassano. Si specializza in Ortodonzia alla Boston University, e getta le basi per i futuri corsi e collaborazioni con essa e con l\u2019Italia.<\/p>\n                    <\/div>\n    <\/div>\n<\/div><div class=\"qode-workflow-item\">\n    <span class=\"line\" style=\"\"><\/span>\n    <div class=\"qode-workflow-item-inner reverse\">\n        <div class=\"qode-workflow-image left\">\n            <img width=\"70\" height=\"65\" src=\"https:\/\/mainodentalclinics.abnet.online\/wp-content\/uploads\/2020\/04\/maino-storia1.png\" class=\"attachment-full size-full\" alt=\"\" loading=\"lazy\" srcset=\"https:\/\/mainodentalclinics.abnet.online\/wp-content\/uploads\/2020\/04\/maino-storia1.png 70w, https:\/\/mainodentalclinics.abnet.online\/wp-content\/uploads\/2020\/04\/maino-storia1-24x22.png 24w, https:\/\/mainodentalclinics.abnet.online\/wp-content\/uploads\/2020\/04\/maino-storia1-36x33.png 36w, https:\/\/mainodentalclinics.abnet.online\/wp-content\/uploads\/2020\/04\/maino-storia1-48x45.png 48w\" sizes=\"(max-width: 70px) 100vw, 70px\" \/>        <\/div>\n        <div class=\"qode-workflow-text\">\n            <span class=\"circle\" style=\"\"><\/span>\n                            <h3>1990<\/h3>\n                                                    <p class=\"text\">Il Dott. Giuliano Maino diventa socio attivo dell\u2019ANGLE SOCIETY, la pi\u00f9 prestigiosa e qualificata societ\u00e0 Ortodontica europea che vanta la presenza di 8 membri per Stato che rappresentano l\u2019eccellenza di ogni paese.<\/p>\n                    <\/div>\n    <\/div>\n<\/div><div class=\"qode-workflow-item\">\n    <span class=\"line\" style=\"\"><\/span>\n    <div class=\"qode-workflow-item-inner \">\n        <div class=\"qode-workflow-image right\">\n            <img width=\"70\" height=\"65\" src=\"https:\/\/mainodentalclinics.abnet.online\/wp-content\/uploads\/2020\/04\/maino-storia1.png\" class=\"attachment-full size-full\" alt=\"\" loading=\"lazy\" srcset=\"https:\/\/mainodentalclinics.abnet.online\/wp-content\/uploads\/2020\/04\/maino-storia1.png 70w, https:\/\/mainodentalclinics.abnet.online\/wp-content\/uploads\/2020\/04\/maino-storia1-24x22.png 24w, https:\/\/mainodentalclinics.abnet.online\/wp-content\/uploads\/2020\/04\/maino-storia1-36x33.png 36w, https:\/\/mainodentalclinics.abnet.online\/wp-content\/uploads\/2020\/04\/maino-storia1-48x45.png 48w\" sizes=\"(max-width: 70px) 100vw, 70px\" \/>        <\/div>\n        <div class=\"qode-workflow-text\">\n            <span class=\"circle\" style=\"\"><\/span>\n                            <h3>2000<\/h3>\n                                                    <p class=\"text\">Il Dott. Giuliano brevetta una tecnica ortodontica per la risoluzione di alcune tipologie di casi complessi, attraverso l\u2019utilizzo dell\u2019ancoraggio scheletrico.<\/p>\n                    <\/div>\n    <\/div>\n<\/div><div class=\"qode-workflow-item\">\n    <span class=\"line\" style=\"\"><\/span>\n    <div class=\"qode-workflow-item-inner reverse\">\n        <div class=\"qode-workflow-image left\">\n            <img width=\"70\" height=\"65\" src=\"https:\/\/mainodentalclinics.abnet.online\/wp-content\/uploads\/2020\/04\/maino-storia1.png\" class=\"attachment-full size-full\" alt=\"\" loading=\"lazy\" srcset=\"https:\/\/mainodentalclinics.abnet.online\/wp-content\/uploads\/2020\/04\/maino-storia1.png 70w, https:\/\/mainodentalclinics.abnet.online\/wp-content\/uploads\/2020\/04\/maino-storia1-24x22.png 24w, https:\/\/mainodentalclinics.abnet.online\/wp-content\/uploads\/2020\/04\/maino-storia1-36x33.png 36w, https:\/\/mainodentalclinics.abnet.online\/wp-content\/uploads\/2020\/04\/maino-storia1-48x45.png 48w\" sizes=\"(max-width: 70px) 100vw, 70px\" \/>        <\/div>\n        <div class=\"qode-workflow-text\">\n            <span class=\"circle\" style=\"\"><\/span>\n                            <h3>2003<\/h3>\n                                                    <p class=\"text\">La Dott.ssa Giovanna Maino si Laurea in Odontoiatria.<\/p>\n                    <\/div>\n    <\/div>\n<\/div><div class=\"qode-workflow-item\">\n    <span class=\"line\" style=\"\"><\/span>\n    <div class=\"qode-workflow-item-inner \">\n        <div class=\"qode-workflow-image right\">\n            <img width=\"70\" height=\"65\" src=\"https:\/\/mainodentalclinics.abnet.online\/wp-content\/uploads\/2020\/04\/maino-storia1.png\" class=\"attachment-full size-full\" alt=\"\" loading=\"lazy\" srcset=\"https:\/\/mainodentalclinics.abnet.online\/wp-content\/uploads\/2020\/04\/maino-storia1.png 70w, https:\/\/mainodentalclinics.abnet.online\/wp-content\/uploads\/2020\/04\/maino-storia1-24x22.png 24w, https:\/\/mainodentalclinics.abnet.online\/wp-content\/uploads\/2020\/04\/maino-storia1-36x33.png 36w, https:\/\/mainodentalclinics.abnet.online\/wp-content\/uploads\/2020\/04\/maino-storia1-48x45.png 48w\" sizes=\"(max-width: 70px) 100vw, 70px\" \/>        <\/div>\n        <div class=\"qode-workflow-text\">\n            <span class=\"circle\" style=\"\"><\/span>\n                            <h3>2006<\/h3>\n                                                    <p class=\"text\">La Dott.ssa Giovanna Maino ottiene la Specializzazione in Ortodonzia.<\/p>\n                    <\/div>\n    <\/div>\n<\/div><div class=\"qode-workflow-item\">\n    <span class=\"line\" style=\"\"><\/span>\n    <div class=\"qode-workflow-item-inner reverse\">\n        <div class=\"qode-workflow-image left\">\n            <img width=\"70\" height=\"65\" src=\"https:\/\/mainodentalclinics.abnet.online\/wp-content\/uploads\/2020\/04\/maino-storia1.png\" class=\"attachment-full size-full\" alt=\"\" loading=\"lazy\" srcset=\"https:\/\/mainodentalclinics.abnet.online\/wp-content\/uploads\/2020\/04\/maino-storia1.png 70w, https:\/\/mainodentalclinics.abnet.online\/wp-content\/uploads\/2020\/04\/maino-storia1-24x22.png 24w, https:\/\/mainodentalclinics.abnet.online\/wp-content\/uploads\/2020\/04\/maino-storia1-36x33.png 36w, https:\/\/mainodentalclinics.abnet.online\/wp-content\/uploads\/2020\/04\/maino-storia1-48x45.png 48w\" sizes=\"(max-width: 70px) 100vw, 70px\" \/>        <\/div>\n        <div class=\"qode-workflow-text\">\n            <span class=\"circle\" style=\"\"><\/span>\n                            <h3>2012<\/h3>\n                                                    <p class=\"text\">Il Dott. Giuliano Maino \u00e8 socio fondatore della societa\u0300 italiana di parodontologia SIDP di cui e\u0300 tuttora un socio attivo. Viene nominato presidente del World Implant Ortodontic Congress (Congresso mondiale degli impianti ortodontici).<\/p>\n                    <\/div>\n    <\/div>\n<\/div><div class=\"qode-workflow-item\">\n    <span class=\"line\" style=\"\"><\/span>\n    <div class=\"qode-workflow-item-inner \">\n        <div class=\"qode-workflow-image right\">\n            <img width=\"70\" height=\"65\" src=\"https:\/\/mainodentalclinics.abnet.online\/wp-content\/uploads\/2020\/04\/maino-storia1.png\" class=\"attachment-full size-full\" alt=\"\" loading=\"lazy\" srcset=\"https:\/\/mainodentalclinics.abnet.online\/wp-content\/uploads\/2020\/04\/maino-storia1.png 70w, https:\/\/mainodentalclinics.abnet.online\/wp-content\/uploads\/2020\/04\/maino-storia1-24x22.png 24w, https:\/\/mainodentalclinics.abnet.online\/wp-content\/uploads\/2020\/04\/maino-storia1-36x33.png 36w, https:\/\/mainodentalclinics.abnet.online\/wp-content\/uploads\/2020\/04\/maino-storia1-48x45.png 48w\" sizes=\"(max-width: 70px) 100vw, 70px\" \/>        <\/div>\n        <div class=\"qode-workflow-text\">\n            <span class=\"circle\" style=\"\"><\/span>\n                            <h3>2014<\/h3>\n                                                    <p class=\"text\">Il Dott. Giuliano \u00e8 presidente dell\u2019Accademia Italiana di Ortodonzia. La Dott.ssa Giovanna riceve il Board Europeo di eccellenza in Ortodonzia (EBO European Board of orthodontics). Il Dott. Giovanni Maino consegue la Laurea in Odontoiatria.<\/p>\n                    <\/div>\n    <\/div>\n<\/div><div class=\"qode-workflow-item\">\n    <span class=\"line\" style=\"\"><\/span>\n    <div class=\"qode-workflow-item-inner reverse\">\n        <div class=\"qode-workflow-image left\">\n            <img width=\"70\" height=\"65\" src=\"https:\/\/mainodentalclinics.abnet.online\/wp-content\/uploads\/2020\/04\/maino-storia1.png\" class=\"attachment-full size-full\" alt=\"\" loading=\"lazy\" srcset=\"https:\/\/mainodentalclinics.abnet.online\/wp-content\/uploads\/2020\/04\/maino-storia1.png 70w, https:\/\/mainodentalclinics.abnet.online\/wp-content\/uploads\/2020\/04\/maino-storia1-24x22.png 24w, https:\/\/mainodentalclinics.abnet.online\/wp-content\/uploads\/2020\/04\/maino-storia1-36x33.png 36w, https:\/\/mainodentalclinics.abnet.online\/wp-content\/uploads\/2020\/04\/maino-storia1-48x45.png 48w\" sizes=\"(max-width: 70px) 100vw, 70px\" \/>        <\/div>\n        <div class=\"qode-workflow-text\">\n            <span class=\"circle\" style=\"\"><\/span>\n                            <h3>2015<\/h3>\n                                                    <p class=\"text\">La Dott.ssa Giovanna Maino diventa professoressa associata dell\u2019Universita\u0300 di Ferrara.<\/p>\n                    <\/div>\n    <\/div>\n<\/div><div class=\"qode-workflow-item\">\n    <span class=\"line\" style=\"\"><\/span>\n    <div class=\"qode-workflow-item-inner \">\n        <div class=\"qode-workflow-image right\">\n            <img width=\"70\" height=\"65\" src=\"https:\/\/mainodentalclinics.abnet.online\/wp-content\/uploads\/2020\/04\/maino-storia1.png\" class=\"attachment-full size-full\" alt=\"\" loading=\"lazy\" srcset=\"https:\/\/mainodentalclinics.abnet.online\/wp-content\/uploads\/2020\/04\/maino-storia1.png 70w, https:\/\/mainodentalclinics.abnet.online\/wp-content\/uploads\/2020\/04\/maino-storia1-24x22.png 24w, https:\/\/mainodentalclinics.abnet.online\/wp-content\/uploads\/2020\/04\/maino-storia1-36x33.png 36w, https:\/\/mainodentalclinics.abnet.online\/wp-content\/uploads\/2020\/04\/maino-storia1-48x45.png 48w\" sizes=\"(max-width: 70px) 100vw, 70px\" \/>        <\/div>\n        <div class=\"qode-workflow-text\">\n            <span class=\"circle\" style=\"\"><\/span>\n                            <h3>2016<\/h3>\n                                                    <p class=\"text\">Il Dott. Giuliano \u00e8 nominato presidente dell\u2019ANGLE SOCIETY la pi\u00f9 prestigiosa e qualificata societ\u00e0 Ortodontica europea che vanta la presenza di 8 membri per stato che rappresentano l\u2019eccellenza di ogni paese. La Dott.ssa Giovanna diventa membro della Leading Alliance.<\/p>\n                    <\/div>\n    <\/div>\n<\/div><div class=\"qode-workflow-item\">\n    <span class=\"line\" style=\"\"><\/span>\n    <div class=\"qode-workflow-item-inner reverse\">\n        <div class=\"qode-workflow-image left\">\n            <img width=\"70\" height=\"65\" src=\"https:\/\/mainodentalclinics.abnet.online\/wp-content\/uploads\/2020\/04\/maino-storia1.png\" class=\"attachment-full size-full\" alt=\"\" loading=\"lazy\" srcset=\"https:\/\/mainodentalclinics.abnet.online\/wp-content\/uploads\/2020\/04\/maino-storia1.png 70w, https:\/\/mainodentalclinics.abnet.online\/wp-content\/uploads\/2020\/04\/maino-storia1-24x22.png 24w, https:\/\/mainodentalclinics.abnet.online\/wp-content\/uploads\/2020\/04\/maino-storia1-36x33.png 36w, https:\/\/mainodentalclinics.abnet.online\/wp-content\/uploads\/2020\/04\/maino-storia1-48x45.png 48w\" sizes=\"(max-width: 70px) 100vw, 70px\" \/>        <\/div>\n        <div class=\"qode-workflow-text\">\n            <span class=\"circle\" style=\"\"><\/span>\n                            <h3>2017<\/h3>\n                                                    <p class=\"text\">Il Dott. Giovanni si specializza in Paradontologia e Implantologia e consegue il riconoscimento di eccellenza EFP (European federation of Periodontology).<\/p>\n                    <\/div>\n    <\/div>\n<\/div><div class=\"qode-workflow-item\">\n    <span class=\"line\" style=\"\"><\/span>\n    <div class=\"qode-workflow-item-inner \">\n        <div class=\"qode-workflow-image right\">\n            <img width=\"70\" height=\"65\" src=\"https:\/\/mainodentalclinics.abnet.online\/wp-content\/uploads\/2020\/04\/maino-storia1.png\" class=\"attachment-full size-full\" alt=\"\" loading=\"lazy\" srcset=\"https:\/\/mainodentalclinics.abnet.online\/wp-content\/uploads\/2020\/04\/maino-storia1.png 70w, https:\/\/mainodentalclinics.abnet.online\/wp-content\/uploads\/2020\/04\/maino-storia1-24x22.png 24w, https:\/\/mainodentalclinics.abnet.online\/wp-content\/uploads\/2020\/04\/maino-storia1-36x33.png 36w, https:\/\/mainodentalclinics.abnet.online\/wp-content\/uploads\/2020\/04\/maino-storia1-48x45.png 48w\" sizes=\"(max-width: 70px) 100vw, 70px\" \/>        <\/div>\n        <div class=\"qode-workflow-text\">\n            <span class=\"circle\" style=\"\"><\/span>\n                            <h3>2018<\/h3>\n                                                    <p class=\"text\">Il Dott. Giovanni Maino diventa socio attivo della SIDP ( Societ\u00e0 Italiana di Parodontologia).<\/p>\n                    <\/div>\n    <\/div>\n<\/div><div class=\"qode-workflow-item\">\n    <span class=\"line\" style=\"\"><\/span>\n    <div class=\"qode-workflow-item-inner reverse\">\n        <div class=\"qode-workflow-image left\">\n            <img width=\"70\" height=\"65\" src=\"https:\/\/mainodentalclinics.abnet.online\/wp-content\/uploads\/2020\/04\/maino-storia1.png\" class=\"attachment-full size-full\" alt=\"\" loading=\"lazy\" srcset=\"https:\/\/mainodentalclinics.abnet.online\/wp-content\/uploads\/2020\/04\/maino-storia1.png 70w, https:\/\/mainodentalclinics.abnet.online\/wp-content\/uploads\/2020\/04\/maino-storia1-24x22.png 24w, https:\/\/mainodentalclinics.abnet.online\/wp-content\/uploads\/2020\/04\/maino-storia1-36x33.png 36w, https:\/\/mainodentalclinics.abnet.online\/wp-content\/uploads\/2020\/04\/maino-storia1-48x45.png 48w\" sizes=\"(max-width: 70px) 100vw, 70px\" \/>        <\/div>\n        <div class=\"qode-workflow-text\">\n            <span class=\"circle\" style=\"\"><\/span>\n                            <h3>2019<\/h3>\n                                                    <p class=\"text\">La Dott.ssa Giovanna consegue il riconoscimento di eccellenza Italiana in Ortodonzia (IBO - Italian Board of Orthodontic).<\/p>\n                    <\/div>\n    <\/div>\n<\/div><\/div>[\/vc_column][\/vc_row]<\/p>\n","protected":false},"excerpt":{"rendered":"<p>[vc_row css_animation=&#8221;&#8221; row_type=&#8221;row&#8221; use_row_as_full_screen_section=&#8221;no&#8221; type=&#8221;full_width&#8221; angled_section=&#8221;no&#8221; text_align=&#8221;left&#8221; background_image_as_pattern=&#8221;without_pattern&#8221; z_index=&#8221;&#8221;][vc_column][vc_single_image image=&#8221;1382&#8243; img_size=&#8221;full&#8221; qode_css_animation=&#8221;&#8221;][\/vc_column][\/vc_row][vc_row css_animation=&#8221;&#8221; row_type=&#8221;row&#8221; use_row_as_full_screen_section=&#8221;no&#8221; type=&#8221;grid&#8221; angled_section=&#8221;no&#8221; text_align=&#8221;center&#8221; background_image_as_pattern=&#8221;without_pattern&#8221; z_index=&#8221;&#8221; css=&#8221;.vc_custom_1593081558673{margin-bottom: 50px !important;}&#8221;][vc_column css=&#8221;.vc_custom_1565345879223{padding-top: 2% !important;}&#8221;][vc_empty_space][vc_column_text] La nostra Storia [\/vc_column_text][vc_separator type=&#8221;normal&#8221; color=&#8221;#e5e5e5&#8243;][vc_column_text css=&#8221;.vc_custom_1608622377282{padding-right: 5% !important;padding-left: 5% !important;}&#8221; el_class=&#8221;storia&#8221;] La nostra storia inizia negli anni \u201980&#8230;<\/p>\n","protected":false},"author":1,"featured_media":0,"parent":0,"menu_order":0,"comment_status":"closed","ping_status":"closed","template":"full_width.php","meta":[],"_links":{"self":[{"href":"https:\/\/mainodentalclinics.abnet.online\/index.php?rest_route=\/wp\/v2\/pages\/546"}],"collection":[{"href":"https:\/\/mainodentalclinics.abnet.online\/index.php?rest_route=\/wp\/v2\/pages"}],"about":[{"href":"https:\/\/mainodentalclinics.abnet.online\/index.php?rest_route=\/wp\/v2\/types\/page"}],"author":[{"embeddable":true,"href":"https:\/\/mainodentalclinics.abnet.online\/index.php?rest_route=\/wp\/v2\/users\/1"}],"replies":[{"embeddable":true,"href":"https:\/\/mainodentalclinics.abnet.online\/index.php?rest_route=%2Fwp%2Fv2%2Fcomments&post=546"}],"version-history":[{"count":39,"href":"https:\/\/mainodentalclinics.abnet.online\/index.php?rest_route=\/wp\/v2\/pages\/546\/revisions"}],"predecessor-version":[{"id":2864,"href":"https:\/\/mainodentalclinics.abnet.online\/index.php?rest_route=\/wp\/v2\/pages\/546\/revisions\/2864"}],"wp:attachment":[{"href":"https:\/\/mainodentalclinics.abnet.online\/index.php?rest_route=%2Fwp%2Fv2%2Fmedia&parent=546"}],"curies":[{"name":"wp","href":"https:\/\/api.w.org\/{rel}","templated":true}]}}