{"id":597,"date":"2019-10-14T16:44:25","date_gmt":"2019-10-14T14:44:25","guid":{"rendered":"https:\/\/mainodentalclinics.abnet.online\/?page_id=597"},"modified":"2021-02-08T12:55:56","modified_gmt":"2021-02-08T11:55:56","slug":"ortodonzia-infantile","status":"publish","type":"page","link":"https:\/\/mainodentalclinics.abnet.online\/?page_id=597","title":{"rendered":"Ortodonzia infantile"},"content":{"rendered":"<p>[vc_row css_animation=&#8221;&#8221; row_type=&#8221;row&#8221; use_row_as_full_screen_section=&#8221;no&#8221; type=&#8221;full_width&#8221; angled_section=&#8221;no&#8221; text_align=&#8221;left&#8221; background_image_as_pattern=&#8221;without_pattern&#8221;][vc_column][vc_single_image image=&#8221;2831&#8243; img_size=&#8221;full&#8221; qode_css_animation=&#8221;&#8221;][\/vc_column][\/vc_row][vc_row css_animation=&#8221;&#8221; row_type=&#8221;row&#8221; use_row_as_full_screen_section=&#8221;no&#8221; type=&#8221;full_width&#8221; angled_section=&#8221;no&#8221; text_align=&#8221;left&#8221; background_image_as_pattern=&#8221;without_pattern&#8221;][vc_column][vc_empty_space][\/vc_column][\/vc_row][vc_row css_animation=&#8221;&#8221; row_type=&#8221;row&#8221; use_row_as_full_screen_section=&#8221;no&#8221; type=&#8221;grid&#8221; angled_section=&#8221;no&#8221; text_align=&#8221;left&#8221; background_image_as_pattern=&#8221;without_pattern&#8221; z_index=&#8221;&#8221;][vc_column width=&#8221;1\/4&#8243; css=&#8221;.vc_custom_1594135455658{padding-top: 5% !important;}&#8221;][vc_column_text css=&#8221;.vc_custom_1594135306250{margin-top: 50px !important;border-bottom-width: 2px !important;border-bottom-color: #b20000 !important;border-bottom-style: solid !important;}&#8221;]<\/p>\n<div class=\"page\" title=\"Page 4\">\n<div class=\"layoutArea\">\n<div class=\"column\">\n<p class=\"\">SCEGLI UNO SPECIALISTA<\/p>\n<\/div>\n<\/div>\n<\/div>\n<p>[\/vc_column_text][vc_empty_space][\/vc_column][vc_column width=&#8221;7\/12&#8243; css=&#8221;.vc_custom_1594135207501{padding-bottom: 8% !important;}&#8221;][vc_column_text el_class=&#8221;white-p&#8221; css=&#8221;.vc_custom_1600262885130{padding-top: 60px !important;padding-right: 20px !important;padding-bottom: 60px !important;padding-left: 20px !important;background-color: #e87b37 !important;}&#8221;]<\/p>\n<p style=\"text-align: left;\">I Dottori Giuliano e Giovanna Maino sono specialisti in ortodonzia, membri dell\u2019<a style=\"color: #fff;\" href=\"http:\/\/www.asio-online.it\/\" target=\"_blank\" rel=\"noopener noreferrer\">ASIO <\/a><\/p>\n<p style=\"text-align: left;\">Entrambi posseggono il Board Italiano ed Europeo di Ortodonzia.<\/p>\n<p style=\"text-align: left;\">Docenti di Ortodozia presso le Universit\u00e0 di Ferrara, Insubria e Parma.<\/p>\n<p>[\/vc_column_text][\/vc_column][vc_column width=&#8221;1\/6&#8243; css=&#8221;.vc_custom_1594135535602{border-left-width: 2px !important;border-left-color: #b20000 !important;border-left-style: solid !important;}&#8221;][vc_single_image image=&#8221;1800&#8243; img_size=&#8221;80&#215;50&#8243; qode_css_animation=&#8221;&#8221;][vc_empty_space height=&#8221;10px&#8221;][vc_single_image image=&#8221;1801&#8243; img_size=&#8221;130&#215;40&#8243; qode_css_animation=&#8221;&#8221;][vc_empty_space height=&#8221;10px&#8221;][vc_single_image image=&#8221;1802&#8243; img_size=&#8221;130&#215;40&#8243; qode_css_animation=&#8221;&#8221;][\/vc_column][\/vc_row][vc_row css_animation=&#8221;&#8221; row_type=&#8221;row&#8221; use_row_as_full_screen_section=&#8221;no&#8221; type=&#8221;full_width&#8221; angled_section=&#8221;no&#8221; text_align=&#8221;left&#8221; background_image_as_pattern=&#8221;without_pattern&#8221;][vc_column][vc_empty_space height=&#8221;42px&#8221;][vc_column_text]<\/p>\n<h2 style=\"text-align: center; font-size: 30px;\">Ortodonzia Infantile<\/h2>\n<p>[\/vc_column_text][vc_empty_space][\/vc_column][\/vc_row][vc_row css_animation=&#8221;&#8221; row_type=&#8221;row&#8221; use_row_as_full_screen_section=&#8221;no&#8221; type=&#8221;full_width&#8221; angled_section=&#8221;no&#8221; text_align=&#8221;left&#8221; background_image_as_pattern=&#8221;without_pattern&#8221;][vc_column][vc_column_text]<\/p>\n<p>[\/vc_column_text][\/vc_column][\/vc_row][vc_row css_animation=&#8221;&#8221; row_type=&#8221;row&#8221; use_row_as_full_screen_section=&#8221;no&#8221; type=&#8221;full_width&#8221; angled_section=&#8221;no&#8221; text_align=&#8221;left&#8221; background_image_as_pattern=&#8221;without_pattern&#8221; z_index=&#8221;&#8221; background_image=&#8221;1844&#8243;][vc_column css=&#8221;.vc_custom_1585922005653{padding-top: 5% !important;padding-bottom: 5% !important;}&#8221;][vc_row_inner row_type=&#8221;row&#8221; type=&#8221;grid&#8221; text_align=&#8221;left&#8221; css_animation=&#8221;element_from_fade&#8221;][vc_column_inner width=&#8221;1\/2&#8243; css=&#8221;.vc_custom_1564740865885{margin: 0px !important;padding: 0px !important;border: 0px initial !important;}&#8221;][\/vc_column_inner][vc_column_inner el_class=&#8221;icons&#8221; width=&#8221;1\/2&#8243; css=&#8221;.vc_custom_1600262894052{margin-left: 0px !important;padding-top: 15% !important;padding-right: 5% !important;padding-bottom: 15% !important;padding-left: 5% !important;background-color: #e87b37 !important;}&#8221;][vc_column_text el_class=&#8221;white-p&#8221;]Solo in determinate situazioni \u00e8 necessario ricorrere alla terapia ortodontica in et\u00e0 precoce. Esistono infatti delle specifiche situazioni in cui \u00e8 importante intervenire tempestivamente per correggere la malocclusione intercettata e promuovere una crescita pi\u00f9 armonica del viso. Queste sono:<\/p>\n<ul>\n<li><span style=\"color: #ffffff;\">Denti superiori particolarmente sporgenti<\/span><\/li>\n<\/ul>\n<ul>\n<li><span style=\"color: #ffffff;\">Morsi crociati e palato stretti<\/span><\/li>\n<\/ul>\n<ul>\n<li><span style=\"color: #ffffff;\">Mandibola lunga<\/span><\/li>\n<\/ul>\n<ul>\n<li><span style=\"color: #ffffff;\">Perdita precoce di denti da latte<\/span><\/li>\n<\/ul>\n<ul>\n<li><span style=\"color: #ffffff;\">Asimmetrie<\/span><\/li>\n<\/ul>\n<p>&nbsp;<\/p>\n<p>Se si riesce ad intercettare specifiche problematiche in et\u00e0 precoce \u00e8 possibile ridurre la necessit\u00e0 di estrarre denti definitivi in futuro e, in alcuni casi, ad evitare la chirurgia ortognatica in et\u00e0 adulta.[\/vc_column_text][\/vc_column_inner][\/vc_row_inner][\/vc_column][\/vc_row][vc_row css_animation=&#8221;&#8221; row_type=&#8221;row&#8221; use_row_as_full_screen_section=&#8221;no&#8221; type=&#8221;full_width&#8221; angled_section=&#8221;no&#8221; text_align=&#8221;left&#8221; background_image_as_pattern=&#8221;without_pattern&#8221; css=&#8221;.vc_custom_1594217254574{margin-top: 0px !important;padding-top: 30px !important;background-position: center !important;background-repeat: no-repeat !important;background-size: cover !important;}&#8221; z_index=&#8221;&#8221;][vc_column][vc_empty_space height=&#8221;42px&#8221;][vc_row_inner row_type=&#8221;row&#8221; type=&#8221;full_width&#8221; text_align=&#8221;left&#8221; css_animation=&#8221;element_from_top&#8221; css=&#8221;.vc_custom_1592403864524{padding-right: 30px !important;padding-left: 30px !important;}&#8221;][vc_column_inner el_class=&#8221;icons&#8221; width=&#8221;2\/5&#8243;][vc_column_text css=&#8221;.vc_custom_1594217276247{margin-top: 2% !important;}&#8221;]<\/p>\n<h3 style=\"margin-bottom: 10px;\"><strong style=\"color: #e89650;\">ABITUDINI VIZIATE<\/strong><\/h3>\n<p class=\"p1\">Succhiare il pollice o il succhiotto \u00e8 normale nei bambini , ma se l\u2019abitudine continua oltre i 3 anni, questo pu\u00f2 influire negativamente sulla posizione dei denti e sulla forma del palato. E\u2019 quindi importante sospendere l\u2019utilizzo del ciuccio al momento giusto per non compromettere lo sviluppo ottimale dell\u2019occlusione dentale.<\/p>\n<p>&nbsp;<\/p>\n<p>&nbsp;<\/p>\n<h3><strong style=\"color: #e89650;\">DENTI DA LATTE: UNA RISERVA DI SPAZIO NATURALE<\/strong><\/h3>\n<p>La perdita prematura di un dente da latte, provoca lo spostamento dei denti adiacenti, impedendo a quello definitivo di prendere il suo posto. Per questo motivo \u00e8 importante curare eventuali lesioni curiose a carico dei denti decidui (da latte) e, se questi sono troppo distrutti, posizionare dei mantenitori di spazio ortodontici fino al momento del loro cambio con il dente definitivo sottostante.[\/vc_column_text][vc_empty_space][\/vc_column_inner][vc_column_inner width=&#8221;1\/6&#8243;][\/vc_column_inner][vc_column_inner width=&#8221;5\/12&#8243;][vc_single_image image=&#8221;2315&#8243; img_size=&#8221;full&#8221; alignment=&#8221;center&#8221; qode_css_animation=&#8221;&#8221;][\/vc_column_inner][\/vc_row_inner][\/vc_column][\/vc_row][vc_row css_animation=&#8221;&#8221; row_type=&#8221;row&#8221; use_row_as_full_screen_section=&#8221;no&#8221; type=&#8221;grid&#8221; angled_section=&#8221;no&#8221; text_align=&#8221;center&#8221; background_image_as_pattern=&#8221;without_pattern&#8221; z_index=&#8221;&#8221;][vc_column css=&#8221;.vc_custom_1585211168073{margin-top: 50px !important;}&#8221;][vc_column_text css=&#8221;.vc_custom_1585561541008{margin-bottom: 60px !important;}&#8221;]<\/p>\n<h2 style=\"text-align: center;\">Alcuni dei nostri Casi<\/h2>\n<p>[\/vc_column_text][vc_column_text css=&#8221;.vc_custom_1594217930620{padding-top: 20px !important;padding-bottom: 20px !important;background-color: #f4f4f4 !important;}&#8221;]<\/p>\n<h3 class=\"p1\" style=\"text-align: center;\"><span class=\"s1\">Ortodonzia Infantile<\/span><\/h3>\n<p>[\/vc_column_text][vc_empty_space height=&#8221;22px&#8221;][vc_row_inner row_type=&#8221;row&#8221; type=&#8221;grid&#8221; text_align=&#8221;left&#8221; css_animation=&#8221;&#8221;][vc_column_inner width=&#8221;1\/2&#8243;][vc_column_text]<\/p>\n<h3 style=\"text-align: center;\">Prima<\/h3>\n<p>[\/vc_column_text][vc_empty_space height=&#8221;15px&#8221;][vc_single_image image=&#8221;2807&#8243; img_size=&#8221;full&#8221; alignment=&#8221;center&#8221; qode_css_animation=&#8221;&#8221;][vc_empty_space][\/vc_column_inner][vc_column_inner width=&#8221;1\/2&#8243;][vc_column_text]<\/p>\n<h3 style=\"text-align: center;\">Dopo<\/h3>\n<p>[\/vc_column_text][vc_empty_space height=&#8221;15px&#8221;][vc_single_image image=&#8221;2806&#8243; img_size=&#8221;full&#8221; alignment=&#8221;center&#8221; qode_css_animation=&#8221;&#8221;][vc_empty_space][\/vc_column_inner][\/vc_row_inner][vc_empty_space height=&#8221;22px&#8221;][vc_row_inner row_type=&#8221;row&#8221; type=&#8221;grid&#8221; text_align=&#8221;left&#8221; css_animation=&#8221;&#8221;][vc_column_inner width=&#8221;1\/2&#8243;][vc_column_text]<\/p>\n<h3 style=\"text-align: center;\">Prima<\/h3>\n<p>[\/vc_column_text][vc_empty_space height=&#8221;15px&#8221;][vc_single_image image=&#8221;2805&#8243; img_size=&#8221;full&#8221; alignment=&#8221;center&#8221; qode_css_animation=&#8221;&#8221;][vc_empty_space][\/vc_column_inner][vc_column_inner width=&#8221;1\/2&#8243;][vc_column_text]<\/p>\n<h3 style=\"text-align: center;\">Dopo<\/h3>\n<p>[\/vc_column_text][vc_empty_space height=&#8221;15px&#8221;][vc_single_image image=&#8221;2804&#8243; img_size=&#8221;full&#8221; alignment=&#8221;center&#8221; qode_css_animation=&#8221;&#8221;][vc_empty_space][\/vc_column_inner][\/vc_row_inner]<a  itemprop=\"url\" href=\"https:\/\/mainodentalclinics.abnet.online\/casi-pedodonzia\/\" target=\"_self\" data-hover-background-color=#e5e5e5 data-hover-border-color=#ffffff data-hover-color=#515151 class=\"qbutton  large center default pblsh\" style=\"color: #ffffff; border-color: #ffffff; font-weight: 400; font-size: 20px; margin: 50px; border-radius: 10px;-moz-border-radius: 10px;-webkit-border-radius: 10px; background-color: #c9c9c9;\">Sfoglia tutti i casi<\/a>[vc_empty_space][\/vc_column][\/vc_row][vc_row css_animation=&#8221;&#8221; row_type=&#8221;row&#8221; use_row_as_full_screen_section=&#8221;no&#8221; type=&#8221;full_width&#8221; angled_section=&#8221;no&#8221; text_align=&#8221;left&#8221; background_image_as_pattern=&#8221;without_pattern&#8221;][vc_column][vc_empty_space][\/vc_column][\/vc_row][vc_row css_animation=&#8221;&#8221; row_type=&#8221;row&#8221; use_row_as_full_screen_section=&#8221;no&#8221; type=&#8221;full_width&#8221; angled_section=&#8221;no&#8221; text_align=&#8221;left&#8221; background_image_as_pattern=&#8221;without_pattern&#8221;][vc_column][vc_empty_space height=&#8221;15px&#8221;][vc_raw_html]JTNDYSUyMGhyZWYlM0QlMjJodHRwcyUzQSUyRiUyRm1haW5vZGVudGFsY2xpbmljcy5hYm5ldC5vbmxpbmUlMkZvcnRob2RvbnRpY3MlMkYlMjIlM0UlM0NwJTIwc3R5bGUlM0QlMjJmb250LXNpemUlM0ExN3B4JTNCJTIwY29sb3IlM0ElMjMzMDMwMzAlM0IlMjIlM0UlM0NzcGFuJTIwYXJpYS1oaWRkZW4lM0QlMjJ0cnVlJTIyJTIwY2xhc3MlM0QlMjJxb2RlX2ljb25fZm9udF9lbGVnYW50JTIwYXJyb3dfY2Fycm90LWxlZnRfYWx0JTIwcW9kZV9pd3RfaWNvbl9lbGVtZW50JTIyJTIwc3R5bGUlM0QlMjJkaXNwbGF5JTNBJTIwaW5saW5lLWJsb2NrJTNCJTIwZm9udC1zaXplJTNBMzBweCUzQiUyMHZlcnRpY2FsLWFsaWduJTNBJTIwbWlkZGxlJTNCJTIwbWFyZ2luLXRvcCUzQS01cHglM0IlMjIlM0UlM0MlMkZzcGFuJTNFJTI2bmJzcCUzQlRvcm5hJTIwYWxsYSUyMHNlemlvbmUlMjBPcnRob2RvbnRpY3MlM0MlMkZwJTNFJTNDJTJGYSUzRQ==[\/vc_raw_html][\/vc_column][\/vc_row][vc_row css_animation=&#8221;&#8221; row_type=&#8221;row&#8221; use_row_as_full_screen_section=&#8221;no&#8221; type=&#8221;full_width&#8221; angled_section=&#8221;no&#8221; text_align=&#8221;left&#8221; background_image_as_pattern=&#8221;without_pattern&#8221; z_index=&#8221;&#8221;][vc_column][vc_separator type=&#8221;normal&#8221; color=&#8221;#b20000&#8243; thickness=&#8221;1&#8243;][vc_empty_space height=&#8221;22px&#8221;][\/vc_column][\/vc_row][vc_row css_animation=&#8221;&#8221; row_type=&#8221;row&#8221; use_row_as_full_screen_section=&#8221;no&#8221; type=&#8221;grid&#8221; angled_section=&#8221;no&#8221; text_align=&#8221;left&#8221; background_image_as_pattern=&#8221;without_pattern&#8221; z_index=&#8221;&#8221; el_class=&#8221;onbottom&#8221; css=&#8221;.vc_custom_1600263098802{padding-top: 100px !important;padding-bottom: 100px !important;background-image: url(https:\/\/mainodentalclinics.abnet.online\/wp-content\/uploads\/2020\/09\/ortho-sfondo.jpg?id=2455) !important;}&#8221;][vc_column][\/vc_column][\/vc_row][vc_row css_animation=&#8221;&#8221; row_type=&#8221;row&#8221; use_row_as_full_screen_section=&#8221;no&#8221; type=&#8221;full_width&#8221; angled_section=&#8221;no&#8221; text_align=&#8221;left&#8221; background_image_as_pattern=&#8221;without_pattern&#8221;][vc_column][vc_column_text]<\/p>\n<p>[\/vc_column_text][\/vc_column][\/vc_row][vc_row css_animation=&#8221;&#8221; row_type=&#8221;row&#8221; use_row_as_full_screen_section=&#8221;no&#8221; type=&#8221;full_width&#8221; angled_section=&#8221;no&#8221; text_align=&#8221;left&#8221; background_image_as_pattern=&#8221;without_pattern&#8221; z_index=&#8221;&#8221; background_image=&#8221;161&#8243;][vc_column css=&#8221;.vc_custom_1583327064055{padding-top: 10% !important;padding-bottom: 5% !important;}&#8221;][vc_row_inner row_type=&#8221;row&#8221; type=&#8221;grid&#8221; text_align=&#8221;left&#8221; css_animation=&#8221;&#8221;][vc_column_inner][vc_column_text]<\/p>\n<h2 style=\"text-align: center;\">Contatti<\/h2>\n<p>[\/vc_column_text][vc_separator type=&#8221;normal&#8221;][vc_empty_space][\/vc_column_inner][\/vc_row_inner][vc_row_inner row_type=&#8221;row&#8221; type=&#8221;grid&#8221; text_align=&#8221;left&#8221; css_animation=&#8221;&#8221; el_class=&#8221;sedi&#8221;][vc_column_inner width=&#8221;1\/2&#8243; css=&#8221;.vc_custom_1583319718961{margin-right: 10px !important;}&#8221;][vc_column_text]<\/p>\n<h2 style=\"text-align: left;\"><img loading=\"lazy\" class=\"size-full wp-image-182 alignleft\" src=\"https:\/\/mainodentalclinics.abnet.online\/wp-content\/uploads\/2019\/07\/icon-vic.png\" alt=\"\" width=\"40\" height=\"40\" \/>VICENZA<\/h2>\n<p>[\/vc_column_text][vc_separator type=&#8221;normal&#8221;][vc_empty_space height=&#8221;20px&#8221;][vc_column_text]<\/p>\n<h4 style=\"text-align: left;\">Viale Milano 53 &#8211; 36100 Vicenza<\/h4>\n<p>[\/vc_column_text][vc_column_text]<\/p>\n<h4>Tel: <a href=\"tel:0444320800\">0444 320800<\/a>\u00a0\u00a0\u00a0<a href=\"tel:0444206061\">0444 206061<\/a><\/h4>\n<div class=\"page\" title=\"Page 2\">\n<div class=\"section\">\n<div class=\"layoutArea\">\n<div class=\"column\">\n<h4>Mail: <a href=\"mailto:vicenza@mainog.com\">vicenza@mainog.com<\/a><\/h4>\n<\/div>\n<\/div>\n<\/div>\n<\/div>\n<p>[\/vc_column_text][vc_empty_space height=&#8221;30px&#8221;][vc_gmaps link=&#8221;#E-8_JTNDaWZyYW1lJTIwc3JjJTNEJTIyaHR0cHMlM0ElMkYlMkZ3d3cuZ29vZ2xlLmNvbSUyRm1hcHMlMkZlbWJlZCUzRnBiJTNEJTIxMW0xNCUyMTFtOCUyMTFtMyUyMTFkMTExNzcuMjAwNzY5ODE4MzI4JTIxMmQxMS41MzYzOTE4JTIxM2Q0NS41NDQyODY0JTIxM20yJTIxMWkxMDI0JTIxMmk3NjglMjE0ZjEzLjElMjEzbTMlMjExbTIlMjExczB4MCUyNTNBMHhkZWEwMzg4MWYxMDI1MjYxJTIxMnNNYWlubyUyNTIwRGVudGFsJTI1MjBDbGluaWNzJTI1MjAlMjU3QyUyNTIwVmljZW56YSUyMTVlMCUyMTNtMiUyMTFzaXQlMjEyc2l0JTIxNHYxNTgzMzE2ODcxNzA0JTIxNW0yJTIxMXNpdCUyMTJzaXQlMjIlMjB3aWR0aCUzRCUyMjYwMCUyMiUyMGhlaWdodCUzRCUyMjQwMCUyMiUyMGZyYW1lYm9yZGVyJTNEJTIyMCUyMiUyMHN0eWxlJTNEJTIyYm9yZGVyJTNBMCUzQiUyMiUyMGFsbG93ZnVsbHNjcmVlbiUzRCUyMiUyMiUzRSUzQyUyRmlmcmFtZSUzRQ==&#8221; el_class=&#8221;map&#8221;][vc_empty_space height=&#8221;20px&#8221;][\/vc_column_inner][vc_column_inner width=&#8221;1\/2&#8243; css=&#8221;.vc_custom_1583319726434{margin-left: 10px !important;}&#8221;][vc_column_text]<\/p>\n<h2 style=\"text-align: left;\"><img loading=\"lazy\" class=\"size-full wp-image-182 alignleft\" src=\"https:\/\/mainodentalclinics.abnet.online\/wp-content\/uploads\/2019\/07\/icon-bdg.png\" alt=\"\" width=\"40\" height=\"40\" srcset=\"https:\/\/mainodentalclinics.abnet.online\/wp-content\/uploads\/2019\/07\/icon-bdg.png 200w, https:\/\/mainodentalclinics.abnet.online\/wp-content\/uploads\/2019\/07\/icon-bdg-150x150.png 150w\" sizes=\"(max-width: 40px) 100vw, 40px\" \/>BASSANO DEL GRAPPA<\/h2>\n<p>[\/vc_column_text][vc_separator type=&#8221;normal&#8221;][vc_empty_space height=&#8221;20px&#8221;][vc_column_text]<\/p>\n<h4 style=\"text-align: left;\">Viale Passalacqua 10 &#8211; 36061 Bassano d. G. (VI)<\/h4>\n<p>[\/vc_column_text][vc_column_text]<\/p>\n<h4>Tel: <a href=\"tel:0424512900\">0424 512900<\/a>\u00a0\u00a0\u00a0<a href=\"tel:0424819585\">0424 819585<\/a><\/h4>\n<h4>Mail: <a href=\"mailto:bassano@mainog.com\">bassano@mainog.com<\/a><\/h4>\n<p>[\/vc_column_text][vc_empty_space height=&#8221;30px&#8221;][vc_gmaps link=&#8221;#E-8_JTNDaWZyYW1lJTIwc3JjJTNEJTIyaHR0cHMlM0ElMkYlMkZ3d3cuZ29vZ2xlLmNvbSUyRm1hcHMlMkZlbWJlZCUzRnBiJTNEJTIxMW0xOCUyMTFtMTIlMjExbTMlMjExZDgwNzMuODExNjI1OTAxOTElMjEyZDExLjczOTgwNDkwMjY5OTQ1JTIxM2Q0NS43Njk0NzcxNzY2Mzg3OTQlMjEybTMlMjExZjAlMjEyZjAlMjEzZjAlMjEzbTIlMjExaTEwMjQlMjEyaTc2OCUyMTRmMTMuMSUyMTNtMyUyMTFtMiUyMTFzMHg0Nzc4ZGE4OThiMDUwZDAxJTI1M0EweDMzYjBiNGRjMzEwNDNhYWQlMjEyc01haW5vJTI1MjBEZW50YWwlMjUyMENsaW5pY3MlMjUyMCUyNTdDJTI1MjBCYXNzYW5vJTI1MjBEZWwlMjUyMEdyYXBwYSUyMTVlMCUyMTNtMiUyMTFzaXQlMjEyc2l0JTIxNHYxNTgzMjQ4ODAzMzc2JTIxNW0yJTIxMXNpdCUyMTJzaXQlMjIlMjB3aWR0aCUzRCUyMjYwMCUyMiUyMGhlaWdodCUzRCUyMjQwMCUyMiUyMGZyYW1lYm9yZGVyJTNEJTIyMCUyMiUyMHN0eWxlJTNEJTIyYm9yZGVyJTNBMCUzQiUyMiUyMGFsbG93ZnVsbHNjcmVlbiUzRCUyMiUyMiUzRSUzQyUyRmlmcmFtZSUzRQ==&#8221; el_class=&#8221;map&#8221;][\/vc_column_inner][\/vc_row_inner][\/vc_column][\/vc_row][vc_row css_animation=&#8221;&#8221; row_type=&#8221;row&#8221; use_row_as_full_screen_section=&#8221;no&#8221; type=&#8221;grid&#8221; angled_section=&#8221;no&#8221; text_align=&#8221;center&#8221; background_image_as_pattern=&#8221;without_pattern&#8221; z_index=&#8221;&#8221; css=&#8221;.vc_custom_1583317887043{margin-bottom: 3% !important;}&#8221;][vc_column][vc_column_text]<\/p>\n<h2>Compila il form per avere maggiori informazioni<\/h2>\n<p>[\/vc_column_text]<div role=\"form\" class=\"wpcf7\" id=\"wpcf7-f149-o1\" lang=\"it-IT\" dir=\"ltr\">\n<div class=\"screen-reader-response\"><p role=\"status\" aria-live=\"polite\" aria-atomic=\"true\"><\/p> <ul><\/ul><\/div>\n<form action=\"\/index.php?rest_route=%2Fwp%2Fv2%2Fpages%2F597#wpcf7-f149-o1\" method=\"post\" class=\"wpcf7-form init cf7_custom_style_1\" novalidate=\"novalidate\" data-status=\"init\">\n<div style=\"display: none;\">\n<input type=\"hidden\" name=\"_wpcf7\" value=\"149\" \/>\n<input type=\"hidden\" name=\"_wpcf7_version\" value=\"5.4.2\" \/>\n<input type=\"hidden\" name=\"_wpcf7_locale\" value=\"it_IT\" \/>\n<input type=\"hidden\" name=\"_wpcf7_unit_tag\" value=\"wpcf7-f149-o1\" \/>\n<input type=\"hidden\" name=\"_wpcf7_container_post\" value=\"0\" \/>\n<input type=\"hidden\" name=\"_wpcf7_posted_data_hash\" value=\"\" \/>\n<\/div>\n<p><script>\ndocument.addEventListener( 'wpcf7mailsent', function( event ) {\n    location = '\/grazie';\n}, false );\n<\/script><\/p>\n<p><span class=\"wpcf7-form-control-wrap your-name\"><input type=\"text\" name=\"your-name\" value=\"\" size=\"40\" class=\"wpcf7-form-control wpcf7-text wpcf7-validates-as-required\" aria-required=\"true\" aria-invalid=\"false\" placeholder=\"Nome e Cognome\" \/><\/span><\/p>\n<p><span class=\"wpcf7-form-control-wrap your-mail\"><input type=\"email\" name=\"your-mail\" value=\"\" size=\"40\" class=\"wpcf7-form-control wpcf7-text wpcf7-email wpcf7-validates-as-required wpcf7-validates-as-email\" aria-required=\"true\" aria-invalid=\"false\" placeholder=\"Mail\" \/><\/span><\/p>\n<p><span class=\"wpcf7-form-control-wrap your-phone\"><input type=\"tel\" name=\"your-phone\" value=\"\" size=\"40\" class=\"wpcf7-form-control wpcf7-text wpcf7-tel wpcf7-validates-as-required wpcf7-validates-as-tel\" aria-required=\"true\" aria-invalid=\"false\" placeholder=\"Telefono\" \/><\/span><\/p>\n<p><span class=\"wpcf7-form-control-wrap select-hour\"><select name=\"select-hour\" class=\"wpcf7-form-control wpcf7-select wpcf7-validates-as-required\" aria-required=\"true\" aria-invalid=\"false\"><option value=\"\">Orario preferito per essere contattato<\/option><option value=\"8:00\">8:00<\/option><option value=\"9:00\">9:00<\/option><option value=\"10:00\">10:00<\/option><option value=\"11:00\">11:00<\/option><option value=\"12:00\">12:00<\/option><option value=\"15:00\">15:00<\/option><option value=\"16:00\">16:00<\/option><option value=\"17:00\">17:00<\/option><\/select><\/span><\/p>\n<p><span class=\"wpcf7-form-control-wrap your-recipient\"><select name=\"your-recipient\" class=\"wpcf7-form-control wpcf7-select wpcf7-validates-as-required\" aria-required=\"true\" aria-invalid=\"false\"><option value=\"Sede\">Sede<\/option><option value=\"VICENZA\">VICENZA<\/option><option value=\"BASSANO DEL GRAPPA\">BASSANO DEL GRAPPA<\/option><\/select><\/span><\/p>\n<p><span class=\"wpcf7-form-control-wrap your-message\"><textarea name=\"your-message\" cols=\"40\" rows=\"10\" class=\"wpcf7-form-control wpcf7-textarea wpcf7-validates-as-required\" aria-required=\"true\" aria-invalid=\"false\" placeholder=\"Messaggio\"><\/textarea><\/span><\/p>\n<div class=\"right_field\" style=\"text-align: left\">\n  <span class=\"wpcf7-form-control-wrap accept-this-1\"><span class=\"wpcf7-form-control wpcf7-acceptance\"><span class=\"wpcf7-list-item\"><input type=\"checkbox\" name=\"accept-this-1\" value=\"1\" aria-invalid=\"false\" \/><\/span><\/span><\/span> Dichiaro di aver letto l'informativa della privacy e acconsento al trattamento dei dati personali ai sensi degli articoli 13-14 del GDPR 2016\/679\n<\/div>\n<p><\/br><\/p>\n<div class=\"left_field\" style=\"text-align: left\">\n<p><input type=\"submit\" value=\"Invia\" class=\"wpcf7-form-control wpcf7-submit\" \/><\/p>\n<\/div>\n<input type='hidden' class='wpcf7-pum' value='{\"closepopup\":false,\"closedelay\":0,\"openpopup\":false,\"openpopup_id\":0}' \/><div class=\"wpcf7-response-output\" aria-hidden=\"true\"><\/div><\/form><\/div>[\/vc_column][\/vc_row]<\/p>\n","protected":false},"excerpt":{"rendered":"<p>[vc_row css_animation=&#8221;&#8221; row_type=&#8221;row&#8221; use_row_as_full_screen_section=&#8221;no&#8221; type=&#8221;full_width&#8221; angled_section=&#8221;no&#8221; text_align=&#8221;left&#8221; background_image_as_pattern=&#8221;without_pattern&#8221;][vc_column][vc_single_image image=&#8221;2831&#8243; img_size=&#8221;full&#8221; qode_css_animation=&#8221;&#8221;][\/vc_column][\/vc_row][vc_row css_animation=&#8221;&#8221; row_type=&#8221;row&#8221; use_row_as_full_screen_section=&#8221;no&#8221; type=&#8221;full_width&#8221; angled_section=&#8221;no&#8221; text_align=&#8221;left&#8221; background_image_as_pattern=&#8221;without_pattern&#8221;][vc_column][vc_empty_space][\/vc_column][\/vc_row][vc_row css_animation=&#8221;&#8221; row_type=&#8221;row&#8221; use_row_as_full_screen_section=&#8221;no&#8221; type=&#8221;grid&#8221; angled_section=&#8221;no&#8221; text_align=&#8221;left&#8221; background_image_as_pattern=&#8221;without_pattern&#8221; z_index=&#8221;&#8221;][vc_column width=&#8221;1\/4&#8243; css=&#8221;.vc_custom_1594135455658{padding-top: 5% !important;}&#8221;][vc_column_text css=&#8221;.vc_custom_1594135306250{margin-top: 50px !important;border-bottom-width: 2px !important;border-bottom-color: #b20000 !important;border-bottom-style: solid !important;}&#8221;] SCEGLI UNO SPECIALISTA [\/vc_column_text][vc_empty_space][\/vc_column][vc_column width=&#8221;7\/12&#8243; css=&#8221;.vc_custom_1594135207501{padding-bottom:&#8230;<\/p>\n","protected":false},"author":1,"featured_media":0,"parent":579,"menu_order":0,"comment_status":"closed","ping_status":"closed","template":"full_width.php","meta":[],"_links":{"self":[{"href":"https:\/\/mainodentalclinics.abnet.online\/index.php?rest_route=\/wp\/v2\/pages\/597"}],"collection":[{"href":"https:\/\/mainodentalclinics.abnet.online\/index.php?rest_route=\/wp\/v2\/pages"}],"about":[{"href":"https:\/\/mainodentalclinics.abnet.online\/index.php?rest_route=\/wp\/v2\/types\/page"}],"author":[{"embeddable":true,"href":"https:\/\/mainodentalclinics.abnet.online\/index.php?rest_route=\/wp\/v2\/users\/1"}],"replies":[{"embeddable":true,"href":"https:\/\/mainodentalclinics.abnet.online\/index.php?rest_route=%2Fwp%2Fv2%2Fcomments&post=597"}],"version-history":[{"count":46,"href":"https:\/\/mainodentalclinics.abnet.online\/index.php?rest_route=\/wp\/v2\/pages\/597\/revisions"}],"predecessor-version":[{"id":2914,"href":"https:\/\/mainodentalclinics.abnet.online\/index.php?rest_route=\/wp\/v2\/pages\/597\/revisions\/2914"}],"up":[{"embeddable":true,"href":"https:\/\/mainodentalclinics.abnet.online\/index.php?rest_route=\/wp\/v2\/pages\/579"}],"wp:attachment":[{"href":"https:\/\/mainodentalclinics.abnet.online\/index.php?rest_route=%2Fwp%2Fv2%2Fmedia&parent=597"}],"curies":[{"name":"wp","href":"https:\/\/api.w.org\/{rel}","templated":true}]}}